{"id":67,"date":"2025-01-20T13:41:13","date_gmt":"2025-01-20T12:41:13","guid":{"rendered":"https:\/\/decoradordevidrio.com.ar\/wp\/?page_id=67"},"modified":"2025-01-29T15:28:06","modified_gmt":"2025-01-29T14:28:06","slug":"velas","status":"publish","type":"page","link":"https:\/\/decoradordevidrio.com.ar\/wp\/?page_id=67","title":{"rendered":"Velas"},"content":{"rendered":"\n<p>En vasos de velas tenemos un minimo de 200 unidades. Los mismos deben ser todos iguales.<\/p>\n\n\n\n<p>Los vasos pueden ser:<br>Pintadas: proceso por el cual el vaso cambia su color al buscado por el cliente. Los mismos pueden ser pintadas en solo un color. El valor del pintado no varia por el color elegido.<\/p>\n\n\n\n<p>Decoradas: proceso por el cual se imprimen logos y\/o textos en los vasos. El precio de la impresi\u00f3n depende de cuantos colores tiene el dise\u00f1o, es decir, si una impresi\u00f3n sale $1 y se quiere hacer un dise\u00f1o en blanco y rojo, se debe considerar $1 por el color blanco + $1 por el color rojo= $2<\/p>\n\n\n\t\t\t<style>\r\n                #foogallery-gallery-144.fg-justified .fg-item {\r\n                    margin-right: 2px;\r\n                    margin-bottom: 2px;\r\n                }\r\n\r\n                #foogallery-gallery-144.fg-justified .fg-image {\r\n                    height: 300px;\r\n                }\r\n\t\t\t<\/style>\r\n\t\t\t<div class=\"foogallery foogallery-container foogallery-justified foogallery-lightbox-foogallery fg-justified fg-light fg-shadow-outline fg-loading-default fg-loaded-fade-in fg-caption-always fg-hover-fade fg-hover-zoom2 fg-ready\" id=\"foogallery-gallery-144\" data-foogallery=\"{&quot;item&quot;:{&quot;showCaptionTitle&quot;:true,&quot;showCaptionDescription&quot;:false},&quot;lazy&quot;:true,&quot;template&quot;:{&quot;rowHeight&quot;:300,&quot;maxRowHeight&quot;:450,&quot;margins&quot;:2,&quot;align&quot;:&quot;center&quot;,&quot;lastRow&quot;:&quot;smart&quot;}}\" data-foogallery-lightbox=\"{&quot;thumbs&quot;:&quot;bottom&quot;,&quot;thumbsCaptions&quot;:false,&quot;thumbsBestFit&quot;:false,&quot;thumbsSmall&quot;:false,&quot;thumbsCaptionsAlign&quot;:&quot;default&quot;,&quot;info&quot;:&quot;bottom&quot;,&quot;infoVisible&quot;:true,&quot;infoOverlay&quot;:true,&quot;infoAlign&quot;:&quot;default&quot;,&quot;transition&quot;:&quot;fade&quot;,&quot;hoverButtons&quot;:false,&quot;fitMedia&quot;:false,&quot;noScrollbars&quot;:true,&quot;preserveButtonSpace&quot;:true,&quot;buttons&quot;:{&quot;fullscreen&quot;:true,&quot;info&quot;:true,&quot;thumbs&quot;:false},&quot;video&quot;:{&quot;autoPlay&quot;:true}}\" >\r\n\t<div class=\"fg-item fg-type-image fg-idle\"><figure class=\"fg-item-inner\"><a href=\"https:\/\/decoradordevidrio.com.ar\/wp\/wp-content\/uploads\/2025\/01\/IMG_0623-scaled-e1738154925608.jpg\" data-attachment-id=\"143\" data-type=\"image\" class=\"fg-thumb\"><span class=\"fg-image-wrap\"><img fetchpriority=\"high\" decoding=\"async\" height=\"450\" width=\"338\" class=\"skip-lazy fg-image\" data-src-fg=\"https:\/\/decoradordevidrio.com.ar\/wp\/wp-content\/uploads\/cache\/2025\/01\/IMG_0623-scaled-e1738154925608\/3846756844.jpg\" src=\"data:image\/svg+xml,%3Csvg%20xmlns%3D%22http%3A%2F%2Fwww.w3.org%2F2000%2Fsvg%22%20width%3D%22338%22%20height%3D%22450%22%20viewBox%3D%220%200%20338%20450%22%3E%3C%2Fsvg%3E\" loading=\"eager\"><\/span><span class=\"fg-image-overlay\"><\/span><\/a><figcaption class=\"fg-caption\"><div class=\"fg-caption-inner\"><\/div><\/figcaption><\/figure><div class=\"fg-loader\"><\/div><\/div><div class=\"fg-item fg-type-image fg-idle\"><figure class=\"fg-item-inner\"><a href=\"https:\/\/decoradordevidrio.com.ar\/wp\/wp-content\/uploads\/2025\/01\/IMG_1662-scaled.jpg\" data-attachment-id=\"142\" data-type=\"image\" class=\"fg-thumb\"><span class=\"fg-image-wrap\"><img decoding=\"async\" height=\"450\" width=\"338\" class=\"skip-lazy fg-image\" data-src-fg=\"https:\/\/decoradordevidrio.com.ar\/wp\/wp-content\/uploads\/cache\/2025\/01\/IMG_1662-scaled\/2227504963.jpg\" src=\"data:image\/svg+xml,%3Csvg%20xmlns%3D%22http%3A%2F%2Fwww.w3.org%2F2000%2Fsvg%22%20width%3D%22338%22%20height%3D%22450%22%20viewBox%3D%220%200%20338%20450%22%3E%3C%2Fsvg%3E\" loading=\"eager\"><\/span><span class=\"fg-image-overlay\"><\/span><\/a><figcaption class=\"fg-caption\"><div class=\"fg-caption-inner\"><\/div><\/figcaption><\/figure><div class=\"fg-loader\"><\/div><\/div><div class=\"fg-item fg-type-image fg-idle\"><figure class=\"fg-item-inner\"><a href=\"https:\/\/decoradordevidrio.com.ar\/wp\/wp-content\/uploads\/2025\/01\/IMG_0132-scaled.jpg\" data-attachment-id=\"141\" data-type=\"image\" class=\"fg-thumb\"><span class=\"fg-image-wrap\"><img decoding=\"async\" height=\"450\" width=\"338\" class=\"skip-lazy fg-image\" data-src-fg=\"https:\/\/decoradordevidrio.com.ar\/wp\/wp-content\/uploads\/cache\/2025\/01\/IMG_0132-scaled\/266095604.jpg\" src=\"data:image\/svg+xml,%3Csvg%20xmlns%3D%22http%3A%2F%2Fwww.w3.org%2F2000%2Fsvg%22%20width%3D%22338%22%20height%3D%22450%22%20viewBox%3D%220%200%20338%20450%22%3E%3C%2Fsvg%3E\" loading=\"eager\"><\/span><span class=\"fg-image-overlay\"><\/span><\/a><figcaption class=\"fg-caption\"><div class=\"fg-caption-inner\"><\/div><\/figcaption><\/figure><div class=\"fg-loader\"><\/div><\/div><div class=\"fg-item fg-type-image fg-idle\"><figure class=\"fg-item-inner\"><a href=\"https:\/\/decoradordevidrio.com.ar\/wp\/wp-content\/uploads\/2025\/01\/IMG_0136-scaled-e1738154941475.jpg\" data-attachment-id=\"140\" data-type=\"image\" class=\"fg-thumb\"><span class=\"fg-image-wrap\"><img decoding=\"async\" height=\"450\" width=\"338\" class=\"skip-lazy fg-image\" data-src-fg=\"https:\/\/decoradordevidrio.com.ar\/wp\/wp-content\/uploads\/cache\/2025\/01\/IMG_0136-scaled-e1738154941475\/3508118596.jpg\" src=\"data:image\/svg+xml,%3Csvg%20xmlns%3D%22http%3A%2F%2Fwww.w3.org%2F2000%2Fsvg%22%20width%3D%22338%22%20height%3D%22450%22%20viewBox%3D%220%200%20338%20450%22%3E%3C%2Fsvg%3E\" loading=\"eager\"><\/span><span class=\"fg-image-overlay\"><\/span><\/a><figcaption class=\"fg-caption\"><div class=\"fg-caption-inner\"><\/div><\/figcaption><\/figure><div class=\"fg-loader\"><\/div><\/div><div class=\"fg-item fg-type-image fg-idle\"><figure class=\"fg-item-inner\"><a href=\"https:\/\/decoradordevidrio.com.ar\/wp\/wp-content\/uploads\/2025\/01\/IMG_0168-scaled.jpg\" data-attachment-id=\"139\" data-type=\"image\" class=\"fg-thumb\"><span class=\"fg-image-wrap\"><img decoding=\"async\" height=\"450\" width=\"338\" class=\"skip-lazy fg-image\" data-src-fg=\"https:\/\/decoradordevidrio.com.ar\/wp\/wp-content\/uploads\/cache\/2025\/01\/IMG_0168-scaled\/2388009813.jpg\" src=\"data:image\/svg+xml,%3Csvg%20xmlns%3D%22http%3A%2F%2Fwww.w3.org%2F2000%2Fsvg%22%20width%3D%22338%22%20height%3D%22450%22%20viewBox%3D%220%200%20338%20450%22%3E%3C%2Fsvg%3E\" loading=\"eager\"><\/span><span class=\"fg-image-overlay\"><\/span><\/a><figcaption class=\"fg-caption\"><div class=\"fg-caption-inner\"><\/div><\/figcaption><\/figure><div class=\"fg-loader\"><\/div><\/div><div class=\"fg-item fg-type-image fg-idle\"><figure class=\"fg-item-inner\"><a href=\"https:\/\/decoradordevidrio.com.ar\/wp\/wp-content\/uploads\/2025\/01\/IMG_0637-scaled-e1738155060469.jpg\" data-attachment-id=\"145\" data-type=\"image\" class=\"fg-thumb\"><span class=\"fg-image-wrap\"><img decoding=\"async\" height=\"450\" width=\"338\" class=\"skip-lazy fg-image\" data-src-fg=\"https:\/\/decoradordevidrio.com.ar\/wp\/wp-content\/uploads\/cache\/2025\/01\/IMG_0637-scaled-e1738155060469\/3317187536.jpg\" src=\"data:image\/svg+xml,%3Csvg%20xmlns%3D%22http%3A%2F%2Fwww.w3.org%2F2000%2Fsvg%22%20width%3D%22338%22%20height%3D%22450%22%20viewBox%3D%220%200%20338%20450%22%3E%3C%2Fsvg%3E\" loading=\"eager\"><\/span><span class=\"fg-image-overlay\"><\/span><\/a><figcaption class=\"fg-caption\"><div class=\"fg-caption-inner\"><\/div><\/figcaption><\/figure><div class=\"fg-loader\"><\/div><\/div><div class=\"fg-item fg-type-image fg-idle\"><figure class=\"fg-item-inner\"><a href=\"https:\/\/decoradordevidrio.com.ar\/wp\/wp-content\/uploads\/2025\/01\/Vaso-imperial-dorado-encanta-scaled-e1738151763552.jpg\" data-attachment-id=\"110\" data-type=\"image\" class=\"fg-thumb\"><span class=\"fg-image-wrap\"><img decoding=\"async\" height=\"450\" width=\"338\" class=\"skip-lazy fg-image\" data-src-fg=\"https:\/\/decoradordevidrio.com.ar\/wp\/wp-content\/uploads\/cache\/2025\/01\/Vaso-imperial-dorado-encanta-scaled-e1738151763552\/3109486363.jpg\" src=\"data:image\/svg+xml,%3Csvg%20xmlns%3D%22http%3A%2F%2Fwww.w3.org%2F2000%2Fsvg%22%20width%3D%22338%22%20height%3D%22450%22%20viewBox%3D%220%200%20338%20450%22%3E%3C%2Fsvg%3E\" loading=\"eager\"><\/span><span class=\"fg-image-overlay\"><\/span><\/a><figcaption class=\"fg-caption\"><div class=\"fg-caption-inner\"><\/div><\/figcaption><\/figure><div class=\"fg-loader\"><\/div><\/div><\/div>\r\n\n\n\n<div class=\"wpforms-container wpforms-container-full wpforms-render-modern\" id=\"wpforms-168\"><form id=\"wpforms-form-168\" class=\"wpforms-validate wpforms-form wpforms-ajax-form\" data-formid=\"168\" method=\"post\" enctype=\"multipart\/form-data\" action=\"\/wp\/index.php?rest_route=%2Fwp%2Fv2%2Fpages%2F67\" data-token=\"f931c707f0ab8109d92bcbe540668243\" data-token-time=\"1775370329\"><noscript class=\"wpforms-error-noscript\">Por favor, activa JavaScript en tu navegador para completar este formulario.<\/noscript><div class=\"wpforms-hidden\" id=\"wpforms-error-noscript\">Por favor, activa JavaScript en tu navegador para completar este formulario.<\/div><div class=\"wpforms-field-container\"><div id=\"wpforms-168-field_1-container\" class=\"wpforms-field wpforms-field-name\" data-field-id=\"1\"><label class=\"wpforms-field-label\" for=\"wpforms-168-field_1\">Nombre <span class=\"wpforms-required-label\" aria-hidden=\"true\">*<\/span><\/label><input type=\"text\" id=\"wpforms-168-field_1\" class=\"wpforms-field-medium wpforms-field-required\" name=\"wpforms[fields][1]\" aria-errormessage=\"wpforms-168-field_1-error\" required><\/div><div id=\"wpforms-168-field_2-container\" class=\"wpforms-field wpforms-field-email\" data-field-id=\"2\"><label class=\"wpforms-field-label\" for=\"wpforms-168-field_2\">Correo electr\u00f3nico <span class=\"wpforms-required-label\" aria-hidden=\"true\">*<\/span><\/label><input type=\"email\" id=\"wpforms-168-field_2\" class=\"wpforms-field-medium wpforms-field-required\" name=\"wpforms[fields][2]\" spellcheck=\"false\" aria-errormessage=\"wpforms-168-field_2-error\" required><\/div><div id=\"wpforms-168-field_3-container\" class=\"wpforms-field wpforms-field-number\" data-field-id=\"3\"><label class=\"wpforms-field-label\" for=\"wpforms-168-field_3\">Tel\u00e9fono<\/label><input type=\"number\" id=\"wpforms-168-field_3\" class=\"wpforms-field-medium\" name=\"wpforms[fields][3]\" aria-errormessage=\"wpforms-168-field_3-error\" aria-describedby=\"wpforms-168-field_3-description\" ><div id=\"wpforms-168-field_3-description\" class=\"wpforms-field-description\">Ingres\u00e1 tu celular para que te podamos enviar un WhatsApp<\/div><\/div><div id=\"wpforms-168-field_4-container\" class=\"wpforms-field wpforms-field-textarea\" data-field-id=\"4\"><label class=\"wpforms-field-label\" for=\"wpforms-168-field_4\">Consulta <span class=\"wpforms-required-label\" aria-hidden=\"true\">*<\/span><\/label><textarea id=\"wpforms-168-field_4\" class=\"wpforms-field-medium wpforms-field-required\" name=\"wpforms[fields][4]\" aria-errormessage=\"wpforms-168-field_4-error\" required><\/textarea><\/div><\/div><!-- .wpforms-field-container --><div class=\"wpforms-submit-container\" ><input type=\"hidden\" name=\"wpforms[id]\" value=\"168\"><input type=\"hidden\" name=\"page_title\" value=\"\"><input type=\"hidden\" name=\"page_url\" value=\"https:\/\/decoradordevidrio.com.ar\/wp\/index.php?rest_route=\/wp\/v2\/pages\/67\"><button type=\"submit\" name=\"wpforms[submit]\" id=\"wpforms-submit-168\" class=\"wpforms-submit\" data-alt-text=\"Enviando...\" data-submit-text=\"Enviar\" aria-live=\"assertive\" value=\"wpforms-submit\">Enviar<\/button><img decoding=\"async\" src=\"https:\/\/decoradordevidrio.com.ar\/wp\/wp-content\/plugins\/wpforms-lite\/assets\/images\/submit-spin.svg\" class=\"wpforms-submit-spinner\" style=\"display: none;\" width=\"26\" height=\"26\" alt=\"Cargando\"><\/div><\/form><\/div>  <!-- .wpforms-container -->\n","protected":false},"excerpt":{"rendered":"<p>En vasos de velas tenemos un minimo de 200 unidades. Los mismos deben ser todos iguales. Los vasos pueden ser:Pintadas: proceso por el cual el vaso cambia su color al buscado por el cliente. Los mismos pueden ser pintadas en solo un color. El valor del pintado no varia por el color elegido. Decoradas: proceso &hellip; <\/p>\n<p class=\"link-more\"><a href=\"https:\/\/decoradordevidrio.com.ar\/wp\/?page_id=67\" class=\"more-link\">Leer m\u00e1s<span class=\"screen-reader-text\"> \u00abVelas\u00bb<\/span><\/a><\/p>\n","protected":false},"author":1,"featured_media":0,"parent":0,"menu_order":1,"comment_status":"closed","ping_status":"closed","template":"","meta":{"footnotes":""},"class_list":["post-67","page","type-page","status-publish","hentry"],"featured_media_urls":[],"_links":{"self":[{"href":"https:\/\/decoradordevidrio.com.ar\/wp\/index.php?rest_route=\/wp\/v2\/pages\/67","targetHints":{"allow":["GET"]}}],"collection":[{"href":"https:\/\/decoradordevidrio.com.ar\/wp\/index.php?rest_route=\/wp\/v2\/pages"}],"about":[{"href":"https:\/\/decoradordevidrio.com.ar\/wp\/index.php?rest_route=\/wp\/v2\/types\/page"}],"author":[{"embeddable":true,"href":"https:\/\/decoradordevidrio.com.ar\/wp\/index.php?rest_route=\/wp\/v2\/users\/1"}],"replies":[{"embeddable":true,"href":"https:\/\/decoradordevidrio.com.ar\/wp\/index.php?rest_route=%2Fwp%2Fv2%2Fcomments&post=67"}],"version-history":[{"count":4,"href":"https:\/\/decoradordevidrio.com.ar\/wp\/index.php?rest_route=\/wp\/v2\/pages\/67\/revisions"}],"predecessor-version":[{"id":173,"href":"https:\/\/decoradordevidrio.com.ar\/wp\/index.php?rest_route=\/wp\/v2\/pages\/67\/revisions\/173"}],"wp:attachment":[{"href":"https:\/\/decoradordevidrio.com.ar\/wp\/index.php?rest_route=%2Fwp%2Fv2%2Fmedia&parent=67"}],"curies":[{"name":"wp","href":"https:\/\/api.w.org\/{rel}","templated":true}]}}