{"id":65,"date":"2025-01-20T13:40:50","date_gmt":"2025-01-20T12:40:50","guid":{"rendered":"https:\/\/decoradordevidrio.com.ar\/wp\/?page_id=65"},"modified":"2025-01-29T15:27:52","modified_gmt":"2025-01-29T14:27:52","slug":"gin","status":"publish","type":"page","link":"https:\/\/decoradordevidrio.com.ar\/wp\/?page_id=65","title":{"rendered":"Gin"},"content":{"rendered":"\n<p>A la hora de hacer botellas de gin, tenemos un minimo 500 unidades. Las mismas tienen que ser todas iguales.<\/p>\n\n\n\n<p>Las botellas pueden ser:<\/p>\n\n\n\n<p>Pintadas: proceso por el cual la botella cambia su color al buscado por el cliente. Las mismas pueden ser pintadas en solo un color. La base de las botellas no se pintan. El valor del pintado no varia por el color elegido.<\/p>\n\n\n\n<p>Decoradas: proceso por el cual se imprimen logos y\/o textos en la botella. El precio de la impresion depende de cuantos colores tiene el dise\u00f1o, es decir, si una impresi\u00f3n sale $1 y se quiere hacer un dise\u00f1o en blanco y rojo, se debe considerar $1 por el color blanco + $1 por el&nbsp;color&nbsp;rojo=&nbsp;$2<\/p>\n\n\n\t\t\t<style>\r\n                #foogallery-gallery-135.fg-justified .fg-item {\r\n                    margin-right: 2px;\r\n                    margin-bottom: 2px;\r\n                }\r\n\r\n                #foogallery-gallery-135.fg-justified .fg-image {\r\n                    height: 300px;\r\n                }\r\n\t\t\t<\/style>\r\n\t\t\t<div class=\"foogallery foogallery-container foogallery-justified foogallery-lightbox-foogallery fg-justified fg-light fg-shadow-outline fg-loading-default fg-loaded-fade-in fg-caption-always fg-hover-fade fg-hover-zoom2 fg-ready\" id=\"foogallery-gallery-135\" data-foogallery=\"{&quot;item&quot;:{&quot;showCaptionTitle&quot;:true,&quot;showCaptionDescription&quot;:false},&quot;lazy&quot;:true,&quot;template&quot;:{&quot;rowHeight&quot;:300,&quot;maxRowHeight&quot;:450,&quot;margins&quot;:2,&quot;align&quot;:&quot;center&quot;,&quot;lastRow&quot;:&quot;smart&quot;}}\" data-foogallery-lightbox=\"{&quot;thumbs&quot;:&quot;bottom&quot;,&quot;thumbsCaptions&quot;:false,&quot;thumbsBestFit&quot;:false,&quot;thumbsSmall&quot;:false,&quot;thumbsCaptionsAlign&quot;:&quot;default&quot;,&quot;info&quot;:&quot;bottom&quot;,&quot;infoVisible&quot;:true,&quot;infoOverlay&quot;:true,&quot;infoAlign&quot;:&quot;default&quot;,&quot;transition&quot;:&quot;fade&quot;,&quot;hoverButtons&quot;:false,&quot;fitMedia&quot;:false,&quot;noScrollbars&quot;:true,&quot;preserveButtonSpace&quot;:true,&quot;buttons&quot;:{&quot;fullscreen&quot;:true,&quot;info&quot;:true,&quot;thumbs&quot;:false},&quot;video&quot;:{&quot;autoPlay&quot;:true}}\" >\r\n\t<div class=\"fg-item fg-type-image fg-idle\"><figure class=\"fg-item-inner\"><a href=\"https:\/\/decoradordevidrio.com.ar\/wp\/wp-content\/uploads\/2025\/01\/IMG_5665-scaled.jpg\" data-attachment-id=\"114\" data-type=\"image\" class=\"fg-thumb\"><span class=\"fg-image-wrap\"><img fetchpriority=\"high\" decoding=\"async\" height=\"450\" width=\"338\" class=\"skip-lazy fg-image\" data-src-fg=\"https:\/\/decoradordevidrio.com.ar\/wp\/wp-content\/uploads\/cache\/2025\/01\/IMG_5665-scaled\/2965560529.jpg\" src=\"data:image\/svg+xml,%3Csvg%20xmlns%3D%22http%3A%2F%2Fwww.w3.org%2F2000%2Fsvg%22%20width%3D%22338%22%20height%3D%22450%22%20viewBox%3D%220%200%20338%20450%22%3E%3C%2Fsvg%3E\" loading=\"eager\"><\/span><span class=\"fg-image-overlay\"><\/span><\/a><figcaption class=\"fg-caption\"><div class=\"fg-caption-inner\"><\/div><\/figcaption><\/figure><div class=\"fg-loader\"><\/div><\/div><div class=\"fg-item fg-type-image fg-idle\"><figure class=\"fg-item-inner\"><a href=\"https:\/\/decoradordevidrio.com.ar\/wp\/wp-content\/uploads\/2025\/01\/IMG_7643-scaled-e1738151663150.jpg\" data-attachment-id=\"121\" data-type=\"image\" class=\"fg-thumb\"><span class=\"fg-image-wrap\"><img decoding=\"async\" height=\"450\" width=\"338\" class=\"skip-lazy fg-image\" data-src-fg=\"https:\/\/decoradordevidrio.com.ar\/wp\/wp-content\/uploads\/cache\/2025\/01\/IMG_7643-scaled-e1738151663150\/4144308573.jpg\" src=\"data:image\/svg+xml,%3Csvg%20xmlns%3D%22http%3A%2F%2Fwww.w3.org%2F2000%2Fsvg%22%20width%3D%22338%22%20height%3D%22450%22%20viewBox%3D%220%200%20338%20450%22%3E%3C%2Fsvg%3E\" loading=\"eager\"><\/span><span class=\"fg-image-overlay\"><\/span><\/a><figcaption class=\"fg-caption\"><div class=\"fg-caption-inner\"><\/div><\/figcaption><\/figure><div class=\"fg-loader\"><\/div><\/div><div class=\"fg-item fg-type-image fg-idle\"><figure class=\"fg-item-inner\"><a href=\"https:\/\/decoradordevidrio.com.ar\/wp\/wp-content\/uploads\/2025\/01\/500-noches-scaled-e1738151721188.jpg\" data-attachment-id=\"117\" data-type=\"image\" class=\"fg-thumb\"><span class=\"fg-image-wrap\"><img decoding=\"async\" height=\"450\" width=\"338\" class=\"skip-lazy fg-image\" data-src-fg=\"https:\/\/decoradordevidrio.com.ar\/wp\/wp-content\/uploads\/cache\/2025\/01\/500-noches-scaled-e1738151721188\/3782133628.jpg\" src=\"data:image\/svg+xml,%3Csvg%20xmlns%3D%22http%3A%2F%2Fwww.w3.org%2F2000%2Fsvg%22%20width%3D%22338%22%20height%3D%22450%22%20viewBox%3D%220%200%20338%20450%22%3E%3C%2Fsvg%3E\" loading=\"eager\"><\/span><span class=\"fg-image-overlay\"><\/span><\/a><figcaption class=\"fg-caption\"><div class=\"fg-caption-inner\"><\/div><\/figcaption><\/figure><div class=\"fg-loader\"><\/div><\/div><div class=\"fg-item fg-type-image fg-idle\"><figure class=\"fg-item-inner\"><a href=\"https:\/\/decoradordevidrio.com.ar\/wp\/wp-content\/uploads\/2025\/01\/IMG_7524-scaled-e1737379119740.jpg\" data-attachment-id=\"85\" data-type=\"image\" class=\"fg-thumb\"><span class=\"fg-image-wrap\"><img decoding=\"async\" height=\"450\" width=\"338\" class=\"skip-lazy fg-image\" data-src-fg=\"https:\/\/decoradordevidrio.com.ar\/wp\/wp-content\/uploads\/cache\/2025\/01\/IMG_7524-scaled-e1737379119740\/2719433849.jpg\" src=\"data:image\/svg+xml,%3Csvg%20xmlns%3D%22http%3A%2F%2Fwww.w3.org%2F2000%2Fsvg%22%20width%3D%22338%22%20height%3D%22450%22%20viewBox%3D%220%200%20338%20450%22%3E%3C%2Fsvg%3E\" loading=\"eager\"><\/span><span class=\"fg-image-overlay\"><\/span><\/a><figcaption class=\"fg-caption\"><div class=\"fg-caption-inner\"><\/div><\/figcaption><\/figure><div class=\"fg-loader\"><\/div><\/div><\/div>\r\n\n\n\n<div class=\"wpforms-container wpforms-container-full wpforms-render-modern\" id=\"wpforms-168\"><form id=\"wpforms-form-168\" class=\"wpforms-validate wpforms-form wpforms-ajax-form\" data-formid=\"168\" method=\"post\" enctype=\"multipart\/form-data\" action=\"\/wp\/index.php?rest_route=%2Fwp%2Fv2%2Fpages%2F65\" data-token=\"f931c707f0ab8109d92bcbe540668243\" data-token-time=\"1775372275\"><noscript class=\"wpforms-error-noscript\">Por favor, activa JavaScript en tu navegador para completar este formulario.<\/noscript><div class=\"wpforms-hidden\" id=\"wpforms-error-noscript\">Por favor, activa JavaScript en tu navegador para completar este formulario.<\/div><div class=\"wpforms-field-container\"><div id=\"wpforms-168-field_1-container\" class=\"wpforms-field wpforms-field-name\" data-field-id=\"1\"><label class=\"wpforms-field-label\" for=\"wpforms-168-field_1\">Nombre <span class=\"wpforms-required-label\" aria-hidden=\"true\">*<\/span><\/label><input type=\"text\" id=\"wpforms-168-field_1\" class=\"wpforms-field-medium wpforms-field-required\" name=\"wpforms[fields][1]\" aria-errormessage=\"wpforms-168-field_1-error\" required><\/div><div id=\"wpforms-168-field_2-container\" class=\"wpforms-field wpforms-field-email\" data-field-id=\"2\"><label class=\"wpforms-field-label\" for=\"wpforms-168-field_2\">Correo electr\u00f3nico <span class=\"wpforms-required-label\" aria-hidden=\"true\">*<\/span><\/label><input type=\"email\" id=\"wpforms-168-field_2\" class=\"wpforms-field-medium wpforms-field-required\" name=\"wpforms[fields][2]\" spellcheck=\"false\" aria-errormessage=\"wpforms-168-field_2-error\" required><\/div><div id=\"wpforms-168-field_3-container\" class=\"wpforms-field wpforms-field-number\" data-field-id=\"3\"><label class=\"wpforms-field-label\" for=\"wpforms-168-field_3\">Tel\u00e9fono<\/label><input type=\"number\" id=\"wpforms-168-field_3\" class=\"wpforms-field-medium\" name=\"wpforms[fields][3]\" aria-errormessage=\"wpforms-168-field_3-error\" aria-describedby=\"wpforms-168-field_3-description\" ><div id=\"wpforms-168-field_3-description\" class=\"wpforms-field-description\">Ingres\u00e1 tu celular para que te podamos enviar un WhatsApp<\/div><\/div><div id=\"wpforms-168-field_4-container\" class=\"wpforms-field wpforms-field-textarea\" data-field-id=\"4\"><label class=\"wpforms-field-label\" for=\"wpforms-168-field_4\">Consulta <span class=\"wpforms-required-label\" aria-hidden=\"true\">*<\/span><\/label><textarea id=\"wpforms-168-field_4\" class=\"wpforms-field-medium wpforms-field-required\" name=\"wpforms[fields][4]\" aria-errormessage=\"wpforms-168-field_4-error\" required><\/textarea><\/div><\/div><!-- .wpforms-field-container --><div class=\"wpforms-submit-container\" ><input type=\"hidden\" name=\"wpforms[id]\" value=\"168\"><input type=\"hidden\" name=\"page_title\" value=\"\"><input type=\"hidden\" name=\"page_url\" value=\"https:\/\/decoradordevidrio.com.ar\/wp\/index.php?rest_route=\/wp\/v2\/pages\/65\"><button type=\"submit\" name=\"wpforms[submit]\" id=\"wpforms-submit-168\" class=\"wpforms-submit\" data-alt-text=\"Enviando...\" data-submit-text=\"Enviar\" aria-live=\"assertive\" value=\"wpforms-submit\">Enviar<\/button><img decoding=\"async\" src=\"https:\/\/decoradordevidrio.com.ar\/wp\/wp-content\/plugins\/wpforms-lite\/assets\/images\/submit-spin.svg\" class=\"wpforms-submit-spinner\" style=\"display: none;\" width=\"26\" height=\"26\" alt=\"Cargando\"><\/div><\/form><\/div>  <!-- .wpforms-container -->\n","protected":false},"excerpt":{"rendered":"<p>A la hora de hacer botellas de gin, tenemos un minimo 500 unidades. Las mismas tienen que ser todas iguales. Las botellas pueden ser: Pintadas: proceso por el cual la botella cambia su color al buscado por el cliente. Las mismas pueden ser pintadas en solo un color. La base de las botellas no se &hellip; <\/p>\n<p class=\"link-more\"><a href=\"https:\/\/decoradordevidrio.com.ar\/wp\/?page_id=65\" class=\"more-link\">Leer m\u00e1s<span class=\"screen-reader-text\"> \u00abGin\u00bb<\/span><\/a><\/p>\n","protected":false},"author":1,"featured_media":0,"parent":0,"menu_order":3,"comment_status":"closed","ping_status":"closed","template":"","meta":{"footnotes":""},"class_list":["post-65","page","type-page","status-publish","hentry"],"featured_media_urls":[],"_links":{"self":[{"href":"https:\/\/decoradordevidrio.com.ar\/wp\/index.php?rest_route=\/wp\/v2\/pages\/65","targetHints":{"allow":["GET"]}}],"collection":[{"href":"https:\/\/decoradordevidrio.com.ar\/wp\/index.php?rest_route=\/wp\/v2\/pages"}],"about":[{"href":"https:\/\/decoradordevidrio.com.ar\/wp\/index.php?rest_route=\/wp\/v2\/types\/page"}],"author":[{"embeddable":true,"href":"https:\/\/decoradordevidrio.com.ar\/wp\/index.php?rest_route=\/wp\/v2\/users\/1"}],"replies":[{"embeddable":true,"href":"https:\/\/decoradordevidrio.com.ar\/wp\/index.php?rest_route=%2Fwp%2Fv2%2Fcomments&post=65"}],"version-history":[{"count":4,"href":"https:\/\/decoradordevidrio.com.ar\/wp\/index.php?rest_route=\/wp\/v2\/pages\/65\/revisions"}],"predecessor-version":[{"id":172,"href":"https:\/\/decoradordevidrio.com.ar\/wp\/index.php?rest_route=\/wp\/v2\/pages\/65\/revisions\/172"}],"wp:attachment":[{"href":"https:\/\/decoradordevidrio.com.ar\/wp\/index.php?rest_route=%2Fwp%2Fv2%2Fmedia&parent=65"}],"curies":[{"name":"wp","href":"https:\/\/api.w.org\/{rel}","templated":true}]}}