{"id":63,"date":"2025-01-20T13:40:10","date_gmt":"2025-01-20T12:40:10","guid":{"rendered":"https:\/\/decoradordevidrio.com.ar\/wp\/?page_id=63"},"modified":"2025-01-29T15:28:31","modified_gmt":"2025-01-29T14:28:31","slug":"procesos","status":"publish","type":"page","link":"https:\/\/decoradordevidrio.com.ar\/wp\/?page_id=63","title":{"rendered":"Procesos"},"content":{"rendered":"\n<h3 class=\"wp-block-heading\">Serigraf\u00eda<\/h3>\n\n\n\n<p>Este proceso consiste en imprimir dise\u00f1os, como logotipos, nombres o imagenes, directamente sobre la superficie del vidrio. Utilizamos tintas especiales y t\u00e9cnicas precisas para que las impresiones sean de alta calidad, resistentes y duraderas. Nuestro trabajo garantiza que tus envases se vean \u00fanicos y profesionales.<\/p>\n\n\n\n<p>&nbsp;<\/p>\n\n\n\n<figure class=\"wp-block-gallery has-nested-images columns-default is-cropped wp-block-gallery-1 is-layout-flex wp-block-gallery-is-layout-flex\">\n<figure class=\"wp-block-image alignleft size-large\"><img fetchpriority=\"high\" decoding=\"async\" width=\"768\" height=\"1024\" data-id=\"122\" src=\"https:\/\/decoradordevidrio.com.ar\/wp\/wp-content\/uploads\/2025\/01\/IMG_1616-scaled-e1738151635272-768x1024.jpg\" alt=\"\" class=\"wp-image-122\" srcset=\"https:\/\/decoradordevidrio.com.ar\/wp\/wp-content\/uploads\/2025\/01\/IMG_1616-scaled-e1738151635272-768x1024.jpg 768w, https:\/\/decoradordevidrio.com.ar\/wp\/wp-content\/uploads\/2025\/01\/IMG_1616-scaled-e1738151635272-225x300.jpg 225w, https:\/\/decoradordevidrio.com.ar\/wp\/wp-content\/uploads\/2025\/01\/IMG_1616-scaled-e1738151635272-1152x1536.jpg 1152w, https:\/\/decoradordevidrio.com.ar\/wp\/wp-content\/uploads\/2025\/01\/IMG_1616-scaled-e1738151635272-1536x2048.jpg 1536w, https:\/\/decoradordevidrio.com.ar\/wp\/wp-content\/uploads\/2025\/01\/IMG_1616-scaled-e1738151635272-600x800.jpg 600w, https:\/\/decoradordevidrio.com.ar\/wp\/wp-content\/uploads\/2025\/01\/IMG_1616-scaled-e1738151635272-1200x1600.jpg 1200w, https:\/\/decoradordevidrio.com.ar\/wp\/wp-content\/uploads\/2025\/01\/IMG_1616-scaled-e1738151635272.jpg 1920w\" sizes=\"(max-width: 768px) 100vw, 768px\" \/><\/figure>\n\n\n\n<figure class=\"wp-block-image size-large\"><img decoding=\"async\" width=\"768\" height=\"1024\" data-id=\"123\" src=\"https:\/\/decoradordevidrio.com.ar\/wp\/wp-content\/uploads\/2025\/01\/IMG_6303-scaled-e1738151649611-768x1024.jpg\" alt=\"\" class=\"wp-image-123\" srcset=\"https:\/\/decoradordevidrio.com.ar\/wp\/wp-content\/uploads\/2025\/01\/IMG_6303-scaled-e1738151649611-768x1024.jpg 768w, https:\/\/decoradordevidrio.com.ar\/wp\/wp-content\/uploads\/2025\/01\/IMG_6303-scaled-e1738151649611-225x300.jpg 225w, https:\/\/decoradordevidrio.com.ar\/wp\/wp-content\/uploads\/2025\/01\/IMG_6303-scaled-e1738151649611-1152x1536.jpg 1152w, https:\/\/decoradordevidrio.com.ar\/wp\/wp-content\/uploads\/2025\/01\/IMG_6303-scaled-e1738151649611-1536x2048.jpg 1536w, https:\/\/decoradordevidrio.com.ar\/wp\/wp-content\/uploads\/2025\/01\/IMG_6303-scaled-e1738151649611-600x800.jpg 600w, https:\/\/decoradordevidrio.com.ar\/wp\/wp-content\/uploads\/2025\/01\/IMG_6303-scaled-e1738151649611-1200x1600.jpg 1200w, https:\/\/decoradordevidrio.com.ar\/wp\/wp-content\/uploads\/2025\/01\/IMG_6303-scaled-e1738151649611.jpg 1920w\" sizes=\"(max-width: 768px) 100vw, 768px\" \/><\/figure>\n\n\n\n<figure class=\"wp-block-image size-large\"><img decoding=\"async\" width=\"768\" height=\"1024\" data-id=\"124\" src=\"https:\/\/decoradordevidrio.com.ar\/wp\/wp-content\/uploads\/2025\/01\/IMG_8541-scaled-e1738151609830-768x1024.jpg\" alt=\"\" class=\"wp-image-124\" srcset=\"https:\/\/decoradordevidrio.com.ar\/wp\/wp-content\/uploads\/2025\/01\/IMG_8541-scaled-e1738151609830-768x1024.jpg 768w, https:\/\/decoradordevidrio.com.ar\/wp\/wp-content\/uploads\/2025\/01\/IMG_8541-scaled-e1738151609830-225x300.jpg 225w, https:\/\/decoradordevidrio.com.ar\/wp\/wp-content\/uploads\/2025\/01\/IMG_8541-scaled-e1738151609830-1152x1536.jpg 1152w, https:\/\/decoradordevidrio.com.ar\/wp\/wp-content\/uploads\/2025\/01\/IMG_8541-scaled-e1738151609830-1536x2048.jpg 1536w, https:\/\/decoradordevidrio.com.ar\/wp\/wp-content\/uploads\/2025\/01\/IMG_8541-scaled-e1738151609830-600x800.jpg 600w, https:\/\/decoradordevidrio.com.ar\/wp\/wp-content\/uploads\/2025\/01\/IMG_8541-scaled-e1738151609830-1200x1600.jpg 1200w, https:\/\/decoradordevidrio.com.ar\/wp\/wp-content\/uploads\/2025\/01\/IMG_8541-scaled-e1738151609830.jpg 1920w\" sizes=\"(max-width: 768px) 100vw, 768px\" \/><\/figure>\n\n\n\n<figure class=\"wp-block-image size-large\"><img loading=\"lazy\" decoding=\"async\" width=\"768\" height=\"1024\" data-id=\"118\" src=\"https:\/\/decoradordevidrio.com.ar\/wp\/wp-content\/uploads\/2025\/01\/IMG_6866-scaled-e1738151702608-768x1024.jpg\" alt=\"\" class=\"wp-image-118\" srcset=\"https:\/\/decoradordevidrio.com.ar\/wp\/wp-content\/uploads\/2025\/01\/IMG_6866-scaled-e1738151702608-768x1024.jpg 768w, https:\/\/decoradordevidrio.com.ar\/wp\/wp-content\/uploads\/2025\/01\/IMG_6866-scaled-e1738151702608-225x300.jpg 225w, https:\/\/decoradordevidrio.com.ar\/wp\/wp-content\/uploads\/2025\/01\/IMG_6866-scaled-e1738151702608-1152x1536.jpg 1152w, https:\/\/decoradordevidrio.com.ar\/wp\/wp-content\/uploads\/2025\/01\/IMG_6866-scaled-e1738151702608-1536x2048.jpg 1536w, https:\/\/decoradordevidrio.com.ar\/wp\/wp-content\/uploads\/2025\/01\/IMG_6866-scaled-e1738151702608-600x800.jpg 600w, https:\/\/decoradordevidrio.com.ar\/wp\/wp-content\/uploads\/2025\/01\/IMG_6866-scaled-e1738151702608-1200x1600.jpg 1200w, https:\/\/decoradordevidrio.com.ar\/wp\/wp-content\/uploads\/2025\/01\/IMG_6866-scaled-e1738151702608.jpg 1920w\" sizes=\"(max-width: 768px) 100vw, 768px\" \/><\/figure>\n\n\n\n<figure class=\"wp-block-image size-large\"><img loading=\"lazy\" decoding=\"async\" width=\"768\" height=\"1024\" data-id=\"120\" src=\"https:\/\/decoradordevidrio.com.ar\/wp\/wp-content\/uploads\/2025\/01\/IMG_7359-scaled-e1738151678429-768x1024.jpg\" alt=\"\" class=\"wp-image-120\" srcset=\"https:\/\/decoradordevidrio.com.ar\/wp\/wp-content\/uploads\/2025\/01\/IMG_7359-scaled-e1738151678429-768x1024.jpg 768w, https:\/\/decoradordevidrio.com.ar\/wp\/wp-content\/uploads\/2025\/01\/IMG_7359-scaled-e1738151678429-225x300.jpg 225w, https:\/\/decoradordevidrio.com.ar\/wp\/wp-content\/uploads\/2025\/01\/IMG_7359-scaled-e1738151678429-1152x1536.jpg 1152w, https:\/\/decoradordevidrio.com.ar\/wp\/wp-content\/uploads\/2025\/01\/IMG_7359-scaled-e1738151678429-1536x2048.jpg 1536w, https:\/\/decoradordevidrio.com.ar\/wp\/wp-content\/uploads\/2025\/01\/IMG_7359-scaled-e1738151678429-600x800.jpg 600w, https:\/\/decoradordevidrio.com.ar\/wp\/wp-content\/uploads\/2025\/01\/IMG_7359-scaled-e1738151678429-1200x1600.jpg 1200w, https:\/\/decoradordevidrio.com.ar\/wp\/wp-content\/uploads\/2025\/01\/IMG_7359-scaled-e1738151678429.jpg 1920w\" sizes=\"(max-width: 768px) 100vw, 768px\" \/><\/figure>\n\n\n\n<figure class=\"wp-block-image size-large\"><img loading=\"lazy\" decoding=\"async\" width=\"768\" height=\"1024\" data-id=\"115\" src=\"https:\/\/decoradordevidrio.com.ar\/wp\/wp-content\/uploads\/2025\/01\/IMG_7581-768x1024.jpg\" alt=\"\" class=\"wp-image-115\" srcset=\"https:\/\/decoradordevidrio.com.ar\/wp\/wp-content\/uploads\/2025\/01\/IMG_7581-768x1024.jpg 768w, https:\/\/decoradordevidrio.com.ar\/wp\/wp-content\/uploads\/2025\/01\/IMG_7581-225x300.jpg 225w, https:\/\/decoradordevidrio.com.ar\/wp\/wp-content\/uploads\/2025\/01\/IMG_7581-2000x2667.jpg 2000w, https:\/\/decoradordevidrio.com.ar\/wp\/wp-content\/uploads\/2025\/01\/IMG_7581-scaled.jpg 1920w\" sizes=\"(max-width: 768px) 100vw, 768px\" \/><\/figure>\n<\/figure>\n\n\n\n<h3 class=\"wp-block-heading\">Pintado<\/h3>\n\n\n\n<p>El proceso de pintado consiste en aplicar capas de pintura directamente sobre los envases, seg\u00fan el color y el acabado que necesites.<br>Existen 4 terminaciones de color:<\/p>\n\n\n\n<ul class=\"wp-block-list\">\n<li>Mate: Es una pintura sin brillo, que deja la superficie del vidrio con un acabado suave y opaco.<\/li>\n\n\n\n<li>Esmerilado: Este acabado hace que el vidrio parezca nublado. Deja pasar algo de luz, pero sin que se vea claramente a trav\u00e9s de \u00e9l.<\/li>\n\n\n\n<li>Cubritivo: Es una pintura que cubre completamente el vidrio. No permite que pase la luz y da colores s\u00f3lidos y fuertes.<\/li>\n\n\n\n<li>Transl\u00facido: Este acabado deja pasar la luz, pero con un toque de color.<\/li>\n<\/ul>\n\n\n\n<figure class=\"wp-block-gallery has-nested-images columns-default is-cropped wp-block-gallery-2 is-layout-flex wp-block-gallery-is-layout-flex\">\n<figure class=\"wp-block-image size-large\"><img loading=\"lazy\" decoding=\"async\" width=\"768\" height=\"1024\" data-id=\"108\" src=\"https:\/\/decoradordevidrio.com.ar\/wp\/wp-content\/uploads\/2025\/01\/Taza-signo-rosa-scaled-e1738151490267-768x1024.jpg\" alt=\"\" class=\"wp-image-108\" srcset=\"https:\/\/decoradordevidrio.com.ar\/wp\/wp-content\/uploads\/2025\/01\/Taza-signo-rosa-scaled-e1738151490267-768x1024.jpg 768w, https:\/\/decoradordevidrio.com.ar\/wp\/wp-content\/uploads\/2025\/01\/Taza-signo-rosa-scaled-e1738151490267-225x300.jpg 225w, https:\/\/decoradordevidrio.com.ar\/wp\/wp-content\/uploads\/2025\/01\/Taza-signo-rosa-scaled-e1738151490267-1152x1536.jpg 1152w, https:\/\/decoradordevidrio.com.ar\/wp\/wp-content\/uploads\/2025\/01\/Taza-signo-rosa-scaled-e1738151490267-1536x2048.jpg 1536w, https:\/\/decoradordevidrio.com.ar\/wp\/wp-content\/uploads\/2025\/01\/Taza-signo-rosa-scaled-e1738151490267-600x800.jpg 600w, https:\/\/decoradordevidrio.com.ar\/wp\/wp-content\/uploads\/2025\/01\/Taza-signo-rosa-scaled-e1738151490267-1200x1600.jpg 1200w, https:\/\/decoradordevidrio.com.ar\/wp\/wp-content\/uploads\/2025\/01\/Taza-signo-rosa-scaled-e1738151490267.jpg 1920w\" sizes=\"(max-width: 768px) 100vw, 768px\" \/><\/figure>\n\n\n\n<figure class=\"wp-block-image size-large\"><img loading=\"lazy\" decoding=\"async\" width=\"768\" height=\"1024\" data-id=\"109\" src=\"https:\/\/decoradordevidrio.com.ar\/wp\/wp-content\/uploads\/2025\/01\/Vaso-imperial-dorado-encanta1-scaled-e1738151779131-768x1024.jpg\" alt=\"\" class=\"wp-image-109\" srcset=\"https:\/\/decoradordevidrio.com.ar\/wp\/wp-content\/uploads\/2025\/01\/Vaso-imperial-dorado-encanta1-scaled-e1738151779131-768x1024.jpg 768w, https:\/\/decoradordevidrio.com.ar\/wp\/wp-content\/uploads\/2025\/01\/Vaso-imperial-dorado-encanta1-scaled-e1738151779131-225x300.jpg 225w, https:\/\/decoradordevidrio.com.ar\/wp\/wp-content\/uploads\/2025\/01\/Vaso-imperial-dorado-encanta1-scaled-e1738151779131-1152x1536.jpg 1152w, https:\/\/decoradordevidrio.com.ar\/wp\/wp-content\/uploads\/2025\/01\/Vaso-imperial-dorado-encanta1-scaled-e1738151779131-1536x2048.jpg 1536w, https:\/\/decoradordevidrio.com.ar\/wp\/wp-content\/uploads\/2025\/01\/Vaso-imperial-dorado-encanta1-scaled-e1738151779131-600x800.jpg 600w, https:\/\/decoradordevidrio.com.ar\/wp\/wp-content\/uploads\/2025\/01\/Vaso-imperial-dorado-encanta1-scaled-e1738151779131-1200x1600.jpg 1200w, https:\/\/decoradordevidrio.com.ar\/wp\/wp-content\/uploads\/2025\/01\/Vaso-imperial-dorado-encanta1-scaled-e1738151779131.jpg 1920w\" sizes=\"(max-width: 768px) 100vw, 768px\" \/><\/figure>\n\n\n\n<figure class=\"wp-block-image size-large\"><img loading=\"lazy\" decoding=\"async\" width=\"768\" height=\"1024\" data-id=\"112\" src=\"https:\/\/decoradordevidrio.com.ar\/wp\/wp-content\/uploads\/2025\/01\/IMG_2641-768x1024.jpg\" alt=\"\" class=\"wp-image-112\" srcset=\"https:\/\/decoradordevidrio.com.ar\/wp\/wp-content\/uploads\/2025\/01\/IMG_2641-768x1024.jpg 768w, https:\/\/decoradordevidrio.com.ar\/wp\/wp-content\/uploads\/2025\/01\/IMG_2641-225x300.jpg 225w, https:\/\/decoradordevidrio.com.ar\/wp\/wp-content\/uploads\/2025\/01\/IMG_2641-2000x2666.jpg 2000w, https:\/\/decoradordevidrio.com.ar\/wp\/wp-content\/uploads\/2025\/01\/IMG_2641-scaled.jpg 1920w\" sizes=\"(max-width: 768px) 100vw, 768px\" \/><\/figure>\n\n\n\n<figure class=\"wp-block-image size-large\"><img loading=\"lazy\" decoding=\"async\" width=\"768\" height=\"1024\" data-id=\"117\" src=\"https:\/\/decoradordevidrio.com.ar\/wp\/wp-content\/uploads\/2025\/01\/500-noches-scaled-e1738151721188-768x1024.jpg\" alt=\"\" class=\"wp-image-117\" srcset=\"https:\/\/decoradordevidrio.com.ar\/wp\/wp-content\/uploads\/2025\/01\/500-noches-scaled-e1738151721188-768x1024.jpg 768w, https:\/\/decoradordevidrio.com.ar\/wp\/wp-content\/uploads\/2025\/01\/500-noches-scaled-e1738151721188-225x300.jpg 225w, https:\/\/decoradordevidrio.com.ar\/wp\/wp-content\/uploads\/2025\/01\/500-noches-scaled-e1738151721188-1152x1536.jpg 1152w, https:\/\/decoradordevidrio.com.ar\/wp\/wp-content\/uploads\/2025\/01\/500-noches-scaled-e1738151721188-1536x2048.jpg 1536w, https:\/\/decoradordevidrio.com.ar\/wp\/wp-content\/uploads\/2025\/01\/500-noches-scaled-e1738151721188-600x800.jpg 600w, https:\/\/decoradordevidrio.com.ar\/wp\/wp-content\/uploads\/2025\/01\/500-noches-scaled-e1738151721188-1200x1600.jpg 1200w, https:\/\/decoradordevidrio.com.ar\/wp\/wp-content\/uploads\/2025\/01\/500-noches-scaled-e1738151721188.jpg 1920w\" sizes=\"(max-width: 768px) 100vw, 768px\" \/><\/figure>\n\n\n\n<figure class=\"wp-block-image size-large\"><img loading=\"lazy\" decoding=\"async\" width=\"768\" height=\"1024\" data-id=\"116\" src=\"https:\/\/decoradordevidrio.com.ar\/wp\/wp-content\/uploads\/2025\/01\/IMG_8061-768x1024.jpg\" alt=\"\" class=\"wp-image-116\" srcset=\"https:\/\/decoradordevidrio.com.ar\/wp\/wp-content\/uploads\/2025\/01\/IMG_8061-768x1024.jpg 768w, https:\/\/decoradordevidrio.com.ar\/wp\/wp-content\/uploads\/2025\/01\/IMG_8061-225x300.jpg 225w, https:\/\/decoradordevidrio.com.ar\/wp\/wp-content\/uploads\/2025\/01\/IMG_8061-2000x2666.jpg 2000w, https:\/\/decoradordevidrio.com.ar\/wp\/wp-content\/uploads\/2025\/01\/IMG_8061-scaled.jpg 1920w\" sizes=\"(max-width: 768px) 100vw, 768px\" \/><\/figure>\n\n\n\n<figure class=\"wp-block-image size-large\"><img loading=\"lazy\" decoding=\"async\" width=\"768\" height=\"1024\" data-id=\"121\" src=\"https:\/\/decoradordevidrio.com.ar\/wp\/wp-content\/uploads\/2025\/01\/IMG_7643-scaled-e1738151663150-768x1024.jpg\" alt=\"\" class=\"wp-image-121\" srcset=\"https:\/\/decoradordevidrio.com.ar\/wp\/wp-content\/uploads\/2025\/01\/IMG_7643-scaled-e1738151663150-768x1024.jpg 768w, https:\/\/decoradordevidrio.com.ar\/wp\/wp-content\/uploads\/2025\/01\/IMG_7643-scaled-e1738151663150-225x300.jpg 225w, https:\/\/decoradordevidrio.com.ar\/wp\/wp-content\/uploads\/2025\/01\/IMG_7643-scaled-e1738151663150-1152x1536.jpg 1152w, https:\/\/decoradordevidrio.com.ar\/wp\/wp-content\/uploads\/2025\/01\/IMG_7643-scaled-e1738151663150-1536x2048.jpg 1536w, https:\/\/decoradordevidrio.com.ar\/wp\/wp-content\/uploads\/2025\/01\/IMG_7643-scaled-e1738151663150-600x800.jpg 600w, https:\/\/decoradordevidrio.com.ar\/wp\/wp-content\/uploads\/2025\/01\/IMG_7643-scaled-e1738151663150-1200x1600.jpg 1200w, https:\/\/decoradordevidrio.com.ar\/wp\/wp-content\/uploads\/2025\/01\/IMG_7643-scaled-e1738151663150.jpg 1920w\" sizes=\"(max-width: 768px) 100vw, 768px\" \/><\/figure>\n<\/figure>\n\n\n<div class=\"wpforms-container wpforms-container-full wpforms-render-modern\" id=\"wpforms-168\"><form id=\"wpforms-form-168\" class=\"wpforms-validate wpforms-form wpforms-ajax-form\" data-formid=\"168\" method=\"post\" enctype=\"multipart\/form-data\" action=\"\/wp\/index.php?rest_route=%2Fwp%2Fv2%2Fpages%2F63\" data-token=\"f931c707f0ab8109d92bcbe540668243\" data-token-time=\"1775371998\"><noscript class=\"wpforms-error-noscript\">Por favor, activa JavaScript en tu navegador para completar este formulario.<\/noscript><div class=\"wpforms-hidden\" id=\"wpforms-error-noscript\">Por favor, activa JavaScript en tu navegador para completar este formulario.<\/div><div class=\"wpforms-field-container\"><div id=\"wpforms-168-field_1-container\" class=\"wpforms-field wpforms-field-name\" data-field-id=\"1\"><label class=\"wpforms-field-label\" for=\"wpforms-168-field_1\">Nombre <span class=\"wpforms-required-label\" aria-hidden=\"true\">*<\/span><\/label><input type=\"text\" id=\"wpforms-168-field_1\" class=\"wpforms-field-medium wpforms-field-required\" name=\"wpforms[fields][1]\" aria-errormessage=\"wpforms-168-field_1-error\" required><\/div><div id=\"wpforms-168-field_2-container\" class=\"wpforms-field wpforms-field-email\" data-field-id=\"2\"><label class=\"wpforms-field-label\" for=\"wpforms-168-field_2\">Correo electr\u00f3nico <span class=\"wpforms-required-label\" aria-hidden=\"true\">*<\/span><\/label><input type=\"email\" id=\"wpforms-168-field_2\" class=\"wpforms-field-medium wpforms-field-required\" name=\"wpforms[fields][2]\" spellcheck=\"false\" aria-errormessage=\"wpforms-168-field_2-error\" required><\/div><div id=\"wpforms-168-field_3-container\" class=\"wpforms-field wpforms-field-number\" data-field-id=\"3\"><label class=\"wpforms-field-label\" for=\"wpforms-168-field_3\">Tel\u00e9fono<\/label><input type=\"number\" id=\"wpforms-168-field_3\" class=\"wpforms-field-medium\" name=\"wpforms[fields][3]\" aria-errormessage=\"wpforms-168-field_3-error\" aria-describedby=\"wpforms-168-field_3-description\" ><div id=\"wpforms-168-field_3-description\" class=\"wpforms-field-description\">Ingres\u00e1 tu celular para que te podamos enviar un WhatsApp<\/div><\/div><div id=\"wpforms-168-field_4-container\" class=\"wpforms-field wpforms-field-textarea\" data-field-id=\"4\"><label class=\"wpforms-field-label\" for=\"wpforms-168-field_4\">Consulta <span class=\"wpforms-required-label\" aria-hidden=\"true\">*<\/span><\/label><textarea id=\"wpforms-168-field_4\" class=\"wpforms-field-medium wpforms-field-required\" name=\"wpforms[fields][4]\" aria-errormessage=\"wpforms-168-field_4-error\" required><\/textarea><\/div><\/div><!-- .wpforms-field-container --><div class=\"wpforms-submit-container\" ><input type=\"hidden\" name=\"wpforms[id]\" value=\"168\"><input type=\"hidden\" name=\"page_title\" value=\"\"><input type=\"hidden\" name=\"page_url\" value=\"https:\/\/decoradordevidrio.com.ar\/wp\/index.php?rest_route=\/wp\/v2\/pages\/63\"><button type=\"submit\" name=\"wpforms[submit]\" id=\"wpforms-submit-168\" class=\"wpforms-submit\" data-alt-text=\"Enviando...\" data-submit-text=\"Enviar\" aria-live=\"assertive\" value=\"wpforms-submit\">Enviar<\/button><img loading=\"lazy\" decoding=\"async\" src=\"https:\/\/decoradordevidrio.com.ar\/wp\/wp-content\/plugins\/wpforms-lite\/assets\/images\/submit-spin.svg\" class=\"wpforms-submit-spinner\" style=\"display: none;\" width=\"26\" height=\"26\" alt=\"Cargando\"><\/div><\/form><\/div>  <!-- .wpforms-container -->\n","protected":false},"excerpt":{"rendered":"<p>Serigraf\u00eda Este proceso consiste en imprimir dise\u00f1os, como logotipos, nombres o imagenes, directamente sobre la superficie del vidrio. Utilizamos tintas especiales y t\u00e9cnicas precisas para que las impresiones sean de alta calidad, resistentes y duraderas. Nuestro trabajo garantiza que tus envases se vean \u00fanicos y profesionales. &nbsp; Pintado El proceso de pintado consiste en aplicar &hellip; <\/p>\n<p class=\"link-more\"><a href=\"https:\/\/decoradordevidrio.com.ar\/wp\/?page_id=63\" class=\"more-link\">Leer m\u00e1s<span class=\"screen-reader-text\"> \u00abProcesos\u00bb<\/span><\/a><\/p>\n","protected":false},"author":1,"featured_media":0,"parent":0,"menu_order":4,"comment_status":"closed","ping_status":"closed","template":"","meta":{"footnotes":""},"class_list":["post-63","page","type-page","status-publish","hentry"],"featured_media_urls":[],"_links":{"self":[{"href":"https:\/\/decoradordevidrio.com.ar\/wp\/index.php?rest_route=\/wp\/v2\/pages\/63","targetHints":{"allow":["GET"]}}],"collection":[{"href":"https:\/\/decoradordevidrio.com.ar\/wp\/index.php?rest_route=\/wp\/v2\/pages"}],"about":[{"href":"https:\/\/decoradordevidrio.com.ar\/wp\/index.php?rest_route=\/wp\/v2\/types\/page"}],"author":[{"embeddable":true,"href":"https:\/\/decoradordevidrio.com.ar\/wp\/index.php?rest_route=\/wp\/v2\/users\/1"}],"replies":[{"embeddable":true,"href":"https:\/\/decoradordevidrio.com.ar\/wp\/index.php?rest_route=%2Fwp%2Fv2%2Fcomments&post=63"}],"version-history":[{"count":5,"href":"https:\/\/decoradordevidrio.com.ar\/wp\/index.php?rest_route=\/wp\/v2\/pages\/63\/revisions"}],"predecessor-version":[{"id":174,"href":"https:\/\/decoradordevidrio.com.ar\/wp\/index.php?rest_route=\/wp\/v2\/pages\/63\/revisions\/174"}],"wp:attachment":[{"href":"https:\/\/decoradordevidrio.com.ar\/wp\/index.php?rest_route=%2Fwp%2Fv2%2Fmedia&parent=63"}],"curies":[{"name":"wp","href":"https:\/\/api.w.org\/{rel}","templated":true}]}}