{"id":60,"date":"2025-01-20T13:39:10","date_gmt":"2025-01-20T12:39:10","guid":{"rendered":"https:\/\/decoradordevidrio.com.ar\/wp\/?page_id=60"},"modified":"2025-01-29T15:28:50","modified_gmt":"2025-01-29T14:28:50","slug":"nosotros","status":"publish","type":"page","link":"https:\/\/decoradordevidrio.com.ar\/wp\/?page_id=60","title":{"rendered":"Nosotros"},"content":{"rendered":"\n<p>Somos una empresa con m\u00e1s de 30 a\u00f1os de experiencia, ubicada en Avellaneda, Buenos Aires, especializada en la decoraci\u00f3n de art\u00edculos de vidrio. Nos enfocamos en ofrecer servicios de pintado y serigraf\u00eda, adapt\u00e1ndonos a las necesidades y dise\u00f1os de cada cliente.<br>A diferencia de otras empresas, nos especializamos en trabajar con pedidos de cantidades peque\u00f1as, permitiendo que las peque\u00f1as empresas puedan realizar sus dise\u00f1os personalizados con la misma calidad y detalle que las grandes marcas.<\/p>\n\n\n<div class=\"wpforms-container wpforms-container-full wpforms-render-modern\" id=\"wpforms-168\"><form id=\"wpforms-form-168\" class=\"wpforms-validate wpforms-form wpforms-ajax-form\" data-formid=\"168\" method=\"post\" enctype=\"multipart\/form-data\" action=\"\/wp\/index.php?rest_route=%2Fwp%2Fv2%2Fpages%2F60\" data-token=\"f931c707f0ab8109d92bcbe540668243\" data-token-time=\"1775370670\"><noscript class=\"wpforms-error-noscript\">Por favor, activa JavaScript en tu navegador para completar este formulario.<\/noscript><div class=\"wpforms-hidden\" id=\"wpforms-error-noscript\">Por favor, activa JavaScript en tu navegador para completar este formulario.<\/div><div class=\"wpforms-field-container\"><div id=\"wpforms-168-field_1-container\" class=\"wpforms-field wpforms-field-name\" data-field-id=\"1\"><label class=\"wpforms-field-label\" for=\"wpforms-168-field_1\">Nombre <span class=\"wpforms-required-label\" aria-hidden=\"true\">*<\/span><\/label><input type=\"text\" id=\"wpforms-168-field_1\" class=\"wpforms-field-medium wpforms-field-required\" name=\"wpforms[fields][1]\" aria-errormessage=\"wpforms-168-field_1-error\" required><\/div><div id=\"wpforms-168-field_2-container\" class=\"wpforms-field wpforms-field-email\" data-field-id=\"2\"><label class=\"wpforms-field-label\" for=\"wpforms-168-field_2\">Correo electr\u00f3nico <span class=\"wpforms-required-label\" aria-hidden=\"true\">*<\/span><\/label><input type=\"email\" id=\"wpforms-168-field_2\" class=\"wpforms-field-medium wpforms-field-required\" name=\"wpforms[fields][2]\" spellcheck=\"false\" aria-errormessage=\"wpforms-168-field_2-error\" required><\/div><div id=\"wpforms-168-field_3-container\" class=\"wpforms-field wpforms-field-number\" data-field-id=\"3\"><label class=\"wpforms-field-label\" for=\"wpforms-168-field_3\">Tel\u00e9fono<\/label><input type=\"number\" id=\"wpforms-168-field_3\" class=\"wpforms-field-medium\" name=\"wpforms[fields][3]\" aria-errormessage=\"wpforms-168-field_3-error\" aria-describedby=\"wpforms-168-field_3-description\" ><div id=\"wpforms-168-field_3-description\" class=\"wpforms-field-description\">Ingres\u00e1 tu celular para que te podamos enviar un WhatsApp<\/div><\/div><div id=\"wpforms-168-field_4-container\" class=\"wpforms-field wpforms-field-textarea\" data-field-id=\"4\"><label class=\"wpforms-field-label\" for=\"wpforms-168-field_4\">Consulta <span class=\"wpforms-required-label\" aria-hidden=\"true\">*<\/span><\/label><textarea id=\"wpforms-168-field_4\" class=\"wpforms-field-medium wpforms-field-required\" name=\"wpforms[fields][4]\" aria-errormessage=\"wpforms-168-field_4-error\" required><\/textarea><\/div><\/div><!-- .wpforms-field-container --><div class=\"wpforms-submit-container\" ><input type=\"hidden\" name=\"wpforms[id]\" value=\"168\"><input type=\"hidden\" name=\"page_title\" value=\"\"><input type=\"hidden\" name=\"page_url\" value=\"https:\/\/decoradordevidrio.com.ar\/wp\/index.php?rest_route=\/wp\/v2\/pages\/60\"><button type=\"submit\" name=\"wpforms[submit]\" id=\"wpforms-submit-168\" class=\"wpforms-submit\" data-alt-text=\"Enviando...\" data-submit-text=\"Enviar\" aria-live=\"assertive\" value=\"wpforms-submit\">Enviar<\/button><img decoding=\"async\" src=\"https:\/\/decoradordevidrio.com.ar\/wp\/wp-content\/plugins\/wpforms-lite\/assets\/images\/submit-spin.svg\" class=\"wpforms-submit-spinner\" style=\"display: none;\" width=\"26\" height=\"26\" alt=\"Cargando\"><\/div><\/form><\/div>  <!-- .wpforms-container -->\n\n\n\n<p><\/p>\n","protected":false},"excerpt":{"rendered":"<p>Somos una empresa con m\u00e1s de 30 a\u00f1os de experiencia, ubicada en Avellaneda, Buenos Aires, especializada en la decoraci\u00f3n de art\u00edculos de vidrio. Nos enfocamos en ofrecer servicios de pintado y serigraf\u00eda, adapt\u00e1ndonos a las necesidades y dise\u00f1os de cada cliente.A diferencia de otras empresas, nos especializamos en trabajar con pedidos de cantidades peque\u00f1as, permitiendo &hellip; <\/p>\n<p class=\"link-more\"><a href=\"https:\/\/decoradordevidrio.com.ar\/wp\/?page_id=60\" class=\"more-link\">Leer m\u00e1s<span class=\"screen-reader-text\"> \u00abNosotros\u00bb<\/span><\/a><\/p>\n","protected":false},"author":1,"featured_media":0,"parent":0,"menu_order":5,"comment_status":"closed","ping_status":"closed","template":"","meta":{"footnotes":""},"class_list":["post-60","page","type-page","status-publish","hentry"],"featured_media_urls":[],"_links":{"self":[{"href":"https:\/\/decoradordevidrio.com.ar\/wp\/index.php?rest_route=\/wp\/v2\/pages\/60","targetHints":{"allow":["GET"]}}],"collection":[{"href":"https:\/\/decoradordevidrio.com.ar\/wp\/index.php?rest_route=\/wp\/v2\/pages"}],"about":[{"href":"https:\/\/decoradordevidrio.com.ar\/wp\/index.php?rest_route=\/wp\/v2\/types\/page"}],"author":[{"embeddable":true,"href":"https:\/\/decoradordevidrio.com.ar\/wp\/index.php?rest_route=\/wp\/v2\/users\/1"}],"replies":[{"embeddable":true,"href":"https:\/\/decoradordevidrio.com.ar\/wp\/index.php?rest_route=%2Fwp%2Fv2%2Fcomments&post=60"}],"version-history":[{"count":5,"href":"https:\/\/decoradordevidrio.com.ar\/wp\/index.php?rest_route=\/wp\/v2\/pages\/60\/revisions"}],"predecessor-version":[{"id":175,"href":"https:\/\/decoradordevidrio.com.ar\/wp\/index.php?rest_route=\/wp\/v2\/pages\/60\/revisions\/175"}],"wp:attachment":[{"href":"https:\/\/decoradordevidrio.com.ar\/wp\/index.php?rest_route=%2Fwp%2Fv2%2Fmedia&parent=60"}],"curies":[{"name":"wp","href":"https:\/\/api.w.org\/{rel}","templated":true}]}}